{"id":5019,"date":"2022-02-09T14:07:52","date_gmt":"2022-02-09T13:07:52","guid":{"rendered":"https:\/\/www.gianlucavietriart.com\/prodotto\/anello-veretta-gabbiano-oro-diamanti\/"},"modified":"2022-02-09T14:07:52","modified_gmt":"2022-02-09T13:07:52","slug":"anello-veretta-gabbiano-oro-diamanti","status":"publish","type":"product","link":"https:\/\/www.gianlucavietriart.com\/en\/product\/anello-veretta-gabbiano-oro-diamanti\/","title":{"rendered":"Anello Veretta GABBIANO oro e diamanti"},"content":{"rendered":"<blockquote><p>Essenza del design per un gioiello senza tempo, nuove forme per un grande classico da sempre amato. La Veretta Gabbiano firmata GIANLUCA VIETRI ART, preziosa e sinuosa, dadicata alla libert\u00e0 femminile \u00e8 il risultato della stilizzazione del cercio inquanto pianeta e del gabbiano che si libra al disopra \u00e8 l&#8217;inizio di un viaggio. Elementi naturali e splendenti quali i diamanti, incastonati alle ali risplendono, dando anima ad un gioiello artigianale dal fascino oggettivo.<\/p><\/blockquote>\n<p><strong><span style=\"color: #826400;\"><em>\u221a <\/em><\/span>ORO<\/strong> bianco 750 \/ 18K<\/p>\n<p><strong><span style=\"color: #826400;\"><em>\u221a <\/em><\/span>DIAMANTI <\/strong>ct 0,52<\/p>\n<p><strong><span style=\"color: #826400;\"> <em>\u221a <\/em><\/span>Made in Italy<\/strong><\/p>\n<p><strong><span style=\"color: #826400;\"><em>\u221a <\/em><\/span>Prezioso cofanetto &amp; Certificato di Garanzia<\/strong><\/p>\n<p>Regalo PERFETTO per una personalit\u00e0 esclusivamente raffinata, gioiello inno della libert\u00e0 e dell&#8217;Amore .<\/p>\n<p>.<img decoding=\"async\" class=\" wp-image-4902 alignnone\" src=\"https:\/\/www.gianlucavietriart.com\/wp-content\/uploads\/2021\/06\/IMG-CERTIFICATO-GIOIELLI-VIETRI-ART-4-8-300x109.png\" alt=\"\" width=\"1432\" height=\"520\" srcset=\"https:\/\/www.gianlucavietriart.com\/wp-content\/uploads\/2021\/06\/IMG-CERTIFICATO-GIOIELLI-VIETRI-ART-4-8-200x73.png 200w, https:\/\/www.gianlucavietriart.com\/wp-content\/uploads\/2021\/06\/IMG-CERTIFICATO-GIOIELLI-VIETRI-ART-4-8-300x109.png 300w, https:\/\/www.gianlucavietriart.com\/wp-content\/uploads\/2021\/06\/IMG-CERTIFICATO-GIOIELLI-VIETRI-ART-4-8-400x145.png 400w, https:\/\/www.gianlucavietriart.com\/wp-content\/uploads\/2021\/06\/IMG-CERTIFICATO-GIOIELLI-VIETRI-ART-4-8-500x181.png 500w, https:\/\/www.gianlucavietriart.com\/wp-content\/uploads\/2021\/06\/IMG-CERTIFICATO-GIOIELLI-VIETRI-ART-4-8-600x218.png 600w, https:\/\/www.gianlucavietriart.com\/wp-content\/uploads\/2021\/06\/IMG-CERTIFICATO-GIOIELLI-VIETRI-ART-4-8-700x254.png 700w, https:\/\/www.gianlucavietriart.com\/wp-content\/uploads\/2021\/06\/IMG-CERTIFICATO-GIOIELLI-VIETRI-ART-4-8-768x279.png 768w, https:\/\/www.gianlucavietriart.com\/wp-content\/uploads\/2021\/06\/IMG-CERTIFICATO-GIOIELLI-VIETRI-ART-4-8-800x290.png 800w, https:\/\/www.gianlucavietriart.com\/wp-content\/uploads\/2021\/06\/IMG-CERTIFICATO-GIOIELLI-VIETRI-ART-4-8-1024x372.png 1024w, https:\/\/www.gianlucavietriart.com\/wp-content\/uploads\/2021\/06\/IMG-CERTIFICATO-GIOIELLI-VIETRI-ART-4-8-1200x436.png 1200w, https:\/\/www.gianlucavietriart.com\/wp-content\/uploads\/2021\/06\/IMG-CERTIFICATO-GIOIELLI-VIETRI-ART-4-8-1536x558.png 1536w\" sizes=\"(max-width: 1432px) 100vw, 1432px\" \/><\/p>\n","protected":false},"excerpt":{"rendered":"<p>Essenza del design per un gioiello senza tempo, nuove forme per un grande classico da sempre amato. La Veretta Gabbiano firmata GIANLUCA VIETRI  [&#8230;]<\/p>\n","protected":false},"featured_media":5371,"comment_status":"open","ping_status":"closed","template":"","meta":[],"product_brand":[],"product_cat":[85],"product_tag":[],"class_list":{"0":"post-5019","1":"product","2":"type-product","3":"status-publish","4":"has-post-thumbnail","6":"product_cat-jewels","7":"product_shipping_class-standard-product","9":"first","10":"instock","11":"taxable","12":"shipping-taxable","13":"purchasable","14":"product-type-variable"},"yoast_head":"<!-- This site is optimized with the Yoast SEO plugin v26.1.1 - https:\/\/yoast.com\/wordpress\/plugins\/seo\/ -->\n<title>Anello Veretta GABBIANO oro e diamanti - Gianluca Vietri Art<\/title>\n<meta name=\"description\" content=\"Essenza del design per un gioiello senza tempo, nuove forme per un grande classico da sempre amato. La Veretta Gabbiano firmata GIANLUCA VIETRI ART, preziosa e sinuosa, dadicata alla libert\u00e0 femminile \u00e8 il risultato della stilizzazione del cercio inquanto pianeta e del gabbiano che si libra al disopra \u00e8 l&#039;inizio di un viaggio. Elementi naturali e splendenti quali i diamanti, incastonati alle ali risplendono, dando anima ad un gioiello artigianale dal fascino oggettivo. Inno alla libert\u00e0 ed all&#039;amore\" \/>\n<meta name=\"robots\" content=\"index, follow, max-snippet:-1, max-image-preview:large, max-video-preview:-1\" \/>\n<link rel=\"canonical\" href=\"https:\/\/www.gianlucavietriart.com\/en\/product\/anello-veretta-gabbiano-oro-diamanti\/\" \/>\n<meta property=\"og:locale\" content=\"en_US\" \/>\n<meta property=\"og:type\" content=\"article\" \/>\n<meta property=\"og:title\" content=\"Anello Veretta GABBIANO oro e diamanti - Gianluca Vietri Art\" \/>\n<meta property=\"og:description\" content=\"Essenza del design per un gioiello senza tempo, nuove forme per un grande classico da sempre amato. La Veretta Gabbiano firmata GIANLUCA VIETRI ART, preziosa e sinuosa, dadicata alla libert\u00e0 femminile \u00e8 il risultato della stilizzazione del cercio inquanto pianeta e del gabbiano che si libra al disopra \u00e8 l&#039;inizio di un viaggio. Elementi naturali e splendenti quali i diamanti, incastonati alle ali risplendono, dando anima ad un gioiello artigianale dal fascino oggettivo. Inno alla libert\u00e0 ed all&#039;amore\" \/>\n<meta property=\"og:url\" content=\"https:\/\/www.gianlucavietriart.com\/en\/product\/anello-veretta-gabbiano-oro-diamanti\/\" \/>\n<meta property=\"og:site_name\" content=\"Gianluca Vietri Art\" \/>\n<meta property=\"article:publisher\" content=\"https:\/\/www.facebook.com\/GianlucaVietriArt\" \/>\n<meta property=\"og:image\" content=\"https:\/\/www.gianlucavietriart.com\/wp-content\/uploads\/2022\/02\/Anello-Veretta-Gabbiano-01-G-Vietri-gioielli-oro-diamanti-cornice-02-02-10.jpg\" \/>\n\t<meta property=\"og:image:width\" content=\"1500\" \/>\n\t<meta property=\"og:image:height\" content=\"1500\" \/>\n\t<meta property=\"og:image:type\" content=\"image\/jpeg\" \/>\n<meta name=\"twitter:card\" content=\"summary_large_image\" \/>\n<script type=\"application\/ld+json\" class=\"yoast-schema-graph\">{\"@context\":\"https:\/\/schema.org\",\"@graph\":[{\"@type\":\"WebPage\",\"@id\":\"https:\/\/www.gianlucavietriart.com\/en\/product\/anello-veretta-gabbiano-oro-diamanti\/\",\"url\":\"https:\/\/www.gianlucavietriart.com\/en\/product\/anello-veretta-gabbiano-oro-diamanti\/\",\"name\":\"Anello Veretta GABBIANO oro e diamanti - Gianluca Vietri Art\",\"isPartOf\":{\"@id\":\"https:\/\/www.gianlucavietriart.com\/en\/#website\"},\"primaryImageOfPage\":{\"@id\":\"https:\/\/www.gianlucavietriart.com\/en\/product\/anello-veretta-gabbiano-oro-diamanti\/#primaryimage\"},\"image\":{\"@id\":\"https:\/\/www.gianlucavietriart.com\/en\/product\/anello-veretta-gabbiano-oro-diamanti\/#primaryimage\"},\"thumbnailUrl\":\"https:\/\/www.gianlucavietriart.com\/wp-content\/uploads\/2022\/02\/Anello-Veretta-Gabbiano-01-G-Vietri-gioielli-oro-diamanti-cornice-02-02-10.jpg\",\"datePublished\":\"2022-02-09T13:07:52+00:00\",\"description\":\"Essenza del design per un gioiello senza tempo, nuove forme per un grande classico da sempre amato. La Veretta Gabbiano firmata GIANLUCA VIETRI ART, preziosa e sinuosa, dadicata alla libert\u00e0 femminile \u00e8 il risultato della stilizzazione del cercio inquanto pianeta e del gabbiano che si libra al disopra \u00e8 l'inizio di un viaggio. Elementi naturali e splendenti quali i diamanti, incastonati alle ali risplendono, dando anima ad un gioiello artigianale dal fascino oggettivo. Inno alla libert\u00e0 ed all'amore\",\"breadcrumb\":{\"@id\":\"https:\/\/www.gianlucavietriart.com\/en\/product\/anello-veretta-gabbiano-oro-diamanti\/#breadcrumb\"},\"inLanguage\":\"en-US\",\"potentialAction\":[{\"@type\":\"ReadAction\",\"target\":[\"https:\/\/www.gianlucavietriart.com\/en\/product\/anello-veretta-gabbiano-oro-diamanti\/\"]}]},{\"@type\":\"ImageObject\",\"inLanguage\":\"en-US\",\"@id\":\"https:\/\/www.gianlucavietriart.com\/en\/product\/anello-veretta-gabbiano-oro-diamanti\/#primaryimage\",\"url\":\"https:\/\/www.gianlucavietriart.com\/wp-content\/uploads\/2022\/02\/Anello-Veretta-Gabbiano-01-G-Vietri-gioielli-oro-diamanti-cornice-02-02-10.jpg\",\"contentUrl\":\"https:\/\/www.gianlucavietriart.com\/wp-content\/uploads\/2022\/02\/Anello-Veretta-Gabbiano-01-G-Vietri-gioielli-oro-diamanti-cornice-02-02-10.jpg\",\"width\":1500,\"height\":1500},{\"@type\":\"BreadcrumbList\",\"@id\":\"https:\/\/www.gianlucavietriart.com\/en\/product\/anello-veretta-gabbiano-oro-diamanti\/#breadcrumb\",\"itemListElement\":[{\"@type\":\"ListItem\",\"position\":1,\"name\":\"Home\",\"item\":\"https:\/\/www.gianlucavietriart.com\/en\/\"},{\"@type\":\"ListItem\",\"position\":2,\"name\":\"Exclusive Shop\",\"item\":\"https:\/\/www.gianlucavietriart.com\/en\/shop\/\"},{\"@type\":\"ListItem\",\"position\":3,\"name\":\"Anello Veretta GABBIANO oro e diamanti\"}]},{\"@type\":\"WebSite\",\"@id\":\"https:\/\/www.gianlucavietriart.com\/en\/#website\",\"url\":\"https:\/\/www.gianlucavietriart.com\/en\/\",\"name\":\"Gianluca Vietri Art\",\"description\":\"Arte-Design-Gioielli\",\"publisher\":{\"@id\":\"https:\/\/www.gianlucavietriart.com\/en\/#organization\"},\"potentialAction\":[{\"@type\":\"SearchAction\",\"target\":{\"@type\":\"EntryPoint\",\"urlTemplate\":\"https:\/\/www.gianlucavietriart.com\/en\/?s={search_term_string}\"},\"query-input\":{\"@type\":\"PropertyValueSpecification\",\"valueRequired\":true,\"valueName\":\"search_term_string\"}}],\"inLanguage\":\"en-US\"},{\"@type\":\"Organization\",\"@id\":\"https:\/\/www.gianlucavietriart.com\/en\/#organization\",\"name\":\"Gianluca Vietri Art\",\"url\":\"https:\/\/www.gianlucavietriart.com\/en\/\",\"logo\":{\"@type\":\"ImageObject\",\"inLanguage\":\"en-US\",\"@id\":\"https:\/\/www.gianlucavietriart.com\/en\/#\/schema\/logo\/image\/\",\"url\":\"https:\/\/www.gianlucavietriart.com\/wp-content\/uploads\/2021\/01\/gianlucavietriart-logo-footer.png\",\"contentUrl\":\"https:\/\/www.gianlucavietriart.com\/wp-content\/uploads\/2021\/01\/gianlucavietriart-logo-footer.png\",\"width\":106,\"height\":150,\"caption\":\"Gianluca Vietri Art\"},\"image\":{\"@id\":\"https:\/\/www.gianlucavietriart.com\/en\/#\/schema\/logo\/image\/\"},\"sameAs\":[\"https:\/\/www.facebook.com\/GianlucaVietriArt\",\"https:\/\/www.youtube.com\/@gianlucavietriart7765\"]}]}<\/script>\n<!-- \/ Yoast SEO plugin. -->","yoast_head_json":{"title":"Anello Veretta GABBIANO oro e diamanti - Gianluca Vietri Art","description":"Essenza del design per un gioiello senza tempo, nuove forme per un grande classico da sempre amato. La Veretta Gabbiano firmata GIANLUCA VIETRI ART, preziosa e sinuosa, dadicata alla libert\u00e0 femminile \u00e8 il risultato della stilizzazione del cercio inquanto pianeta e del gabbiano che si libra al disopra \u00e8 l'inizio di un viaggio. Elementi naturali e splendenti quali i diamanti, incastonati alle ali risplendono, dando anima ad un gioiello artigianale dal fascino oggettivo. Inno alla libert\u00e0 ed all'amore","robots":{"index":"index","follow":"follow","max-snippet":"max-snippet:-1","max-image-preview":"max-image-preview:large","max-video-preview":"max-video-preview:-1"},"canonical":"https:\/\/www.gianlucavietriart.com\/en\/product\/anello-veretta-gabbiano-oro-diamanti\/","og_locale":"en_US","og_type":"article","og_title":"Anello Veretta GABBIANO oro e diamanti - Gianluca Vietri Art","og_description":"Essenza del design per un gioiello senza tempo, nuove forme per un grande classico da sempre amato. La Veretta Gabbiano firmata GIANLUCA VIETRI ART, preziosa e sinuosa, dadicata alla libert\u00e0 femminile \u00e8 il risultato della stilizzazione del cercio inquanto pianeta e del gabbiano che si libra al disopra \u00e8 l'inizio di un viaggio. Elementi naturali e splendenti quali i diamanti, incastonati alle ali risplendono, dando anima ad un gioiello artigianale dal fascino oggettivo. Inno alla libert\u00e0 ed all'amore","og_url":"https:\/\/www.gianlucavietriart.com\/en\/product\/anello-veretta-gabbiano-oro-diamanti\/","og_site_name":"Gianluca Vietri Art","article_publisher":"https:\/\/www.facebook.com\/GianlucaVietriArt","og_image":[{"width":1500,"height":1500,"url":"https:\/\/www.gianlucavietriart.com\/wp-content\/uploads\/2022\/02\/Anello-Veretta-Gabbiano-01-G-Vietri-gioielli-oro-diamanti-cornice-02-02-10.jpg","type":"image\/jpeg"}],"twitter_card":"summary_large_image","schema":{"@context":"https:\/\/schema.org","@graph":[{"@type":"WebPage","@id":"https:\/\/www.gianlucavietriart.com\/en\/product\/anello-veretta-gabbiano-oro-diamanti\/","url":"https:\/\/www.gianlucavietriart.com\/en\/product\/anello-veretta-gabbiano-oro-diamanti\/","name":"Anello Veretta GABBIANO oro e diamanti - Gianluca Vietri Art","isPartOf":{"@id":"https:\/\/www.gianlucavietriart.com\/en\/#website"},"primaryImageOfPage":{"@id":"https:\/\/www.gianlucavietriart.com\/en\/product\/anello-veretta-gabbiano-oro-diamanti\/#primaryimage"},"image":{"@id":"https:\/\/www.gianlucavietriart.com\/en\/product\/anello-veretta-gabbiano-oro-diamanti\/#primaryimage"},"thumbnailUrl":"https:\/\/www.gianlucavietriart.com\/wp-content\/uploads\/2022\/02\/Anello-Veretta-Gabbiano-01-G-Vietri-gioielli-oro-diamanti-cornice-02-02-10.jpg","datePublished":"2022-02-09T13:07:52+00:00","description":"Essenza del design per un gioiello senza tempo, nuove forme per un grande classico da sempre amato. La Veretta Gabbiano firmata GIANLUCA VIETRI ART, preziosa e sinuosa, dadicata alla libert\u00e0 femminile \u00e8 il risultato della stilizzazione del cercio inquanto pianeta e del gabbiano che si libra al disopra \u00e8 l'inizio di un viaggio. Elementi naturali e splendenti quali i diamanti, incastonati alle ali risplendono, dando anima ad un gioiello artigianale dal fascino oggettivo. Inno alla libert\u00e0 ed all'amore","breadcrumb":{"@id":"https:\/\/www.gianlucavietriart.com\/en\/product\/anello-veretta-gabbiano-oro-diamanti\/#breadcrumb"},"inLanguage":"en-US","potentialAction":[{"@type":"ReadAction","target":["https:\/\/www.gianlucavietriart.com\/en\/product\/anello-veretta-gabbiano-oro-diamanti\/"]}]},{"@type":"ImageObject","inLanguage":"en-US","@id":"https:\/\/www.gianlucavietriart.com\/en\/product\/anello-veretta-gabbiano-oro-diamanti\/#primaryimage","url":"https:\/\/www.gianlucavietriart.com\/wp-content\/uploads\/2022\/02\/Anello-Veretta-Gabbiano-01-G-Vietri-gioielli-oro-diamanti-cornice-02-02-10.jpg","contentUrl":"https:\/\/www.gianlucavietriart.com\/wp-content\/uploads\/2022\/02\/Anello-Veretta-Gabbiano-01-G-Vietri-gioielli-oro-diamanti-cornice-02-02-10.jpg","width":1500,"height":1500},{"@type":"BreadcrumbList","@id":"https:\/\/www.gianlucavietriart.com\/en\/product\/anello-veretta-gabbiano-oro-diamanti\/#breadcrumb","itemListElement":[{"@type":"ListItem","position":1,"name":"Home","item":"https:\/\/www.gianlucavietriart.com\/en\/"},{"@type":"ListItem","position":2,"name":"Exclusive Shop","item":"https:\/\/www.gianlucavietriart.com\/en\/shop\/"},{"@type":"ListItem","position":3,"name":"Anello Veretta GABBIANO oro e diamanti"}]},{"@type":"WebSite","@id":"https:\/\/www.gianlucavietriart.com\/en\/#website","url":"https:\/\/www.gianlucavietriart.com\/en\/","name":"Gianluca Vietri Art","description":"Arte-Design-Gioielli","publisher":{"@id":"https:\/\/www.gianlucavietriart.com\/en\/#organization"},"potentialAction":[{"@type":"SearchAction","target":{"@type":"EntryPoint","urlTemplate":"https:\/\/www.gianlucavietriart.com\/en\/?s={search_term_string}"},"query-input":{"@type":"PropertyValueSpecification","valueRequired":true,"valueName":"search_term_string"}}],"inLanguage":"en-US"},{"@type":"Organization","@id":"https:\/\/www.gianlucavietriart.com\/en\/#organization","name":"Gianluca Vietri Art","url":"https:\/\/www.gianlucavietriart.com\/en\/","logo":{"@type":"ImageObject","inLanguage":"en-US","@id":"https:\/\/www.gianlucavietriart.com\/en\/#\/schema\/logo\/image\/","url":"https:\/\/www.gianlucavietriart.com\/wp-content\/uploads\/2021\/01\/gianlucavietriart-logo-footer.png","contentUrl":"https:\/\/www.gianlucavietriart.com\/wp-content\/uploads\/2021\/01\/gianlucavietriart-logo-footer.png","width":106,"height":150,"caption":"Gianluca Vietri Art"},"image":{"@id":"https:\/\/www.gianlucavietriart.com\/en\/#\/schema\/logo\/image\/"},"sameAs":["https:\/\/www.facebook.com\/GianlucaVietriArt","https:\/\/www.youtube.com\/@gianlucavietriart7765"]}]}},"_links":{"self":[{"href":"https:\/\/www.gianlucavietriart.com\/en\/wp-json\/wp\/v2\/product\/5019","targetHints":{"allow":["GET"]}}],"collection":[{"href":"https:\/\/www.gianlucavietriart.com\/en\/wp-json\/wp\/v2\/product"}],"about":[{"href":"https:\/\/www.gianlucavietriart.com\/en\/wp-json\/wp\/v2\/types\/product"}],"replies":[{"embeddable":true,"href":"https:\/\/www.gianlucavietriart.com\/en\/wp-json\/wp\/v2\/comments?post=5019"}],"wp:featuredmedia":[{"embeddable":true,"href":"https:\/\/www.gianlucavietriart.com\/en\/wp-json\/wp\/v2\/media\/5371"}],"wp:attachment":[{"href":"https:\/\/www.gianlucavietriart.com\/en\/wp-json\/wp\/v2\/media?parent=5019"}],"wp:term":[{"taxonomy":"product_brand","embeddable":true,"href":"https:\/\/www.gianlucavietriart.com\/en\/wp-json\/wp\/v2\/product_brand?post=5019"},{"taxonomy":"product_cat","embeddable":true,"href":"https:\/\/www.gianlucavietriart.com\/en\/wp-json\/wp\/v2\/product_cat?post=5019"},{"taxonomy":"product_tag","embeddable":true,"href":"https:\/\/www.gianlucavietriart.com\/en\/wp-json\/wp\/v2\/product_tag?post=5019"}],"curies":[{"name":"wp","href":"https:\/\/api.w.org\/{rel}","templated":true}]}}